{"id":1121,"date":"2025-05-09T17:53:03","date_gmt":"2025-05-09T15:53:03","guid":{"rendered":"https:\/\/nexiaproaudit.pl\/regulamin-swiadczenia-uslug-szkoleniowych-przez-nexia-pro-audit\/"},"modified":"2025-05-09T17:53:03","modified_gmt":"2025-05-09T15:53:03","slug":"regulamin-swiadczenia-uslug-szkoleniowych-przez-nexia-pro-audit","status":"publish","type":"page","link":"https:\/\/nexiaproaudit.pl\/en\/regulamin-swiadczenia-uslug-szkoleniowych-przez-nexia-pro-audit\/","title":{"rendered":"Regulamin \u015bwiadczenia us\u0142ug szkoleniowych przez Nexia Pro Audit"},"content":{"rendered":"<h6>1. Postanowienia og\u00f3lne<\/h6>\n<p>1.1. Niniejszy Regulamin \u015bwiadczenia us\u0142ug szkoleniowych przez Nexia Pro Audit (dalej \u201eRegulamin\u201d) okre\u015bla warunki i zasady:<\/p>\n<p>rejestracji, p\u0142atno\u015bci, uczestnictwa i rezygnacji w Szkoleniach oraz ich organizacji przez PRO AUDIT Kancelaria Bieg\u0142ych Rewident\u00f3w Sp\u00f3\u0142ka z o.o. (Nexia Pro Audit) (dalej \u201eOrganizator\u201d), zarejestrowan\u0105 w rejestrze przedsi\u0119biorc\u00f3w prowadzonym przez S\u0105d Rejonowy dla Krakowa-\u015ar\u00f3dmie\u015bcia w Krakowie pod numerem KRS 0000125073, NIP 6762217735, REGON 356548127.<\/p>\n<p>\u200d<\/p>\n<p>Dane kontaktowe:<\/p>\n<p>Adres korespondencyjny:\u00a0<strong>ul. E. Wasilewskiego 20, 30-305 Krak\u00f3w<\/strong><\/p>\n<p>E-mail:\u00a0<strong>szkolenia@nexiaproaudit.pl<\/strong><\/p>\n<p>Tel. kontaktowy:\u00a0<strong>+48 12 632 80 32<\/strong><\/p>\n<p>\u200d<\/p>\n<p>1.2. PRO AUDIT Kancelaria Bieg\u0142ych Rewident\u00f3w Sp\u00f3\u0142ka z o.o. (Nexia Pro Audit) jest jednostk\u0105 uprawnion\u0105 do przeprowadzania obligatoryjnego doskonalenia zawodowego bieg\u0142ych rewident\u00f3w.<\/p>\n<p>\u200d<\/p>\n<h6>2. Definicje<\/h6>\n<p><strong>Szkolenia<\/strong>\u00a0\u2013 szkolenia otwarte i zamkni\u0119te, w tym obligatoryjne przeprowadzane w formie stacjonarnej, on-line oraz hybrydowej.<\/p>\n<p><strong>Szkolenia wyjazdowe\u00a0<\/strong>\u2013 szkolenia organizowane i przeprowadzane poza Krakowem, na terenie Polski. W ramach oferty niniejszego szkolenia istnieje mo\u017cliwo\u015b\u0107 skorzystania z dodatkowych atrakcji zaplanowanych przez Organizatora.<\/p>\n","protected":false},"excerpt":{"rendered":"<p>1. Postanowienia og\u00f3lne 1.1. Niniejszy Regulamin \u015bwiadczenia us\u0142ug szkoleniowych przez Nexia&#8230;<\/p>\n","protected":false},"author":1,"featured_media":0,"parent":0,"menu_order":80,"comment_status":"closed","ping_status":"closed","template":"","meta":{"_acf_changed":false,"footnotes":""},"class_list":["post-1121","page","type-page","status-publish","hentry"],"acf":[],"yoast_head":"<!-- This site is optimized with the Yoast SEO Premium plugin v25.3 (Yoast SEO v25.5) - https:\/\/yoast.com\/wordpress\/plugins\/seo\/ -->\n<title>Regulamin \u015bwiadczenia us\u0142ug szkoleniowych przez Nexia Pro Audit - Nexia Pro Audit<\/title>\n<meta name=\"robots\" content=\"index, follow, max-snippet:-1, max-image-preview:large, max-video-preview:-1\" \/>\n<link rel=\"canonical\" href=\"https:\/\/nexiaproaudit.pl\/en\/regulamin-swiadczenia-uslug-szkoleniowych-przez-nexia-pro-audit\/\" \/>\n<meta property=\"og:locale\" content=\"en_US\" \/>\n<meta property=\"og:type\" content=\"article\" \/>\n<meta property=\"og:title\" content=\"Regulamin \u015bwiadczenia us\u0142ug szkoleniowych przez Nexia Pro Audit\" \/>\n<meta property=\"og:description\" content=\"1. Postanowienia og\u00f3lne 1.1. Niniejszy Regulamin \u015bwiadczenia us\u0142ug szkoleniowych przez Nexia...\" \/>\n<meta property=\"og:url\" content=\"https:\/\/nexiaproaudit.pl\/en\/regulamin-swiadczenia-uslug-szkoleniowych-przez-nexia-pro-audit\/\" \/>\n<meta property=\"og:site_name\" content=\"Nexia Pro Audit\" \/>\n<meta property=\"og:image\" content=\"https:\/\/nexiaproaudit.pl\/wp-content\/uploads\/2025\/05\/1200x630.jpg\" \/>\n\t<meta property=\"og:image:width\" content=\"1200\" \/>\n\t<meta property=\"og:image:height\" content=\"630\" \/>\n\t<meta property=\"og:image:type\" content=\"image\/jpeg\" \/>\n<meta name=\"twitter:card\" content=\"summary_large_image\" \/>\n<meta name=\"twitter:label1\" content=\"Est. reading time\" \/>\n\t<meta name=\"twitter:data1\" content=\"1 minute\" \/>\n<script type=\"application\/ld+json\" class=\"yoast-schema-graph\">{\"@context\":\"https:\/\/schema.org\",\"@graph\":[{\"@type\":\"WebPage\",\"@id\":\"https:\/\/nexiaproaudit.pl\/en\/regulamin-swiadczenia-uslug-szkoleniowych-przez-nexia-pro-audit\/\",\"url\":\"https:\/\/nexiaproaudit.pl\/en\/regulamin-swiadczenia-uslug-szkoleniowych-przez-nexia-pro-audit\/\",\"name\":\"Regulamin \u015bwiadczenia us\u0142ug szkoleniowych przez Nexia Pro Audit - Nexia Pro Audit\",\"isPartOf\":{\"@id\":\"https:\/\/nexiaproaudit.pl\/en\/#website\"},\"datePublished\":\"2025-05-09T15:53:03+00:00\",\"breadcrumb\":{\"@id\":\"https:\/\/nexiaproaudit.pl\/en\/regulamin-swiadczenia-uslug-szkoleniowych-przez-nexia-pro-audit\/#breadcrumb\"},\"inLanguage\":\"en-US\",\"potentialAction\":[{\"@type\":\"ReadAction\",\"target\":[\"https:\/\/nexiaproaudit.pl\/en\/regulamin-swiadczenia-uslug-szkoleniowych-przez-nexia-pro-audit\/\"]}]},{\"@type\":\"BreadcrumbList\",\"@id\":\"https:\/\/nexiaproaudit.pl\/en\/regulamin-swiadczenia-uslug-szkoleniowych-przez-nexia-pro-audit\/#breadcrumb\",\"itemListElement\":[{\"@type\":\"ListItem\",\"position\":1,\"name\":\"Home\",\"item\":\"https:\/\/nexiaproaudit.pl\/en\/\"},{\"@type\":\"ListItem\",\"position\":2,\"name\":\"Regulamin \u015bwiadczenia us\u0142ug szkoleniowych przez&nbsp;Nexia Pro Audit\"}]},{\"@type\":\"WebSite\",\"@id\":\"https:\/\/nexiaproaudit.pl\/en\/#website\",\"url\":\"https:\/\/nexiaproaudit.pl\/en\/\",\"name\":\"Nexia Pro Audit\",\"description\":\"\",\"potentialAction\":[{\"@type\":\"SearchAction\",\"target\":{\"@type\":\"EntryPoint\",\"urlTemplate\":\"https:\/\/nexiaproaudit.pl\/en\/?s={search_term_string}\"},\"query-input\":{\"@type\":\"PropertyValueSpecification\",\"valueRequired\":true,\"valueName\":\"search_term_string\"}}],\"inLanguage\":\"en-US\"}]}<\/script>\n<!-- \/ Yoast SEO Premium plugin. -->","yoast_head_json":{"title":"Regulamin \u015bwiadczenia us\u0142ug szkoleniowych przez Nexia Pro Audit - Nexia Pro Audit","robots":{"index":"index","follow":"follow","max-snippet":"max-snippet:-1","max-image-preview":"max-image-preview:large","max-video-preview":"max-video-preview:-1"},"canonical":"https:\/\/nexiaproaudit.pl\/en\/regulamin-swiadczenia-uslug-szkoleniowych-przez-nexia-pro-audit\/","og_locale":"en_US","og_type":"article","og_title":"Regulamin \u015bwiadczenia us\u0142ug szkoleniowych przez Nexia Pro Audit","og_description":"1. Postanowienia og\u00f3lne 1.1. Niniejszy Regulamin \u015bwiadczenia us\u0142ug szkoleniowych przez Nexia...","og_url":"https:\/\/nexiaproaudit.pl\/en\/regulamin-swiadczenia-uslug-szkoleniowych-przez-nexia-pro-audit\/","og_site_name":"Nexia Pro Audit","og_image":[{"width":1200,"height":630,"url":"https:\/\/nexiaproaudit.pl\/wp-content\/uploads\/2025\/05\/1200x630.jpg","type":"image\/jpeg"}],"twitter_card":"summary_large_image","twitter_misc":{"Est. reading time":"1 minute"},"schema":{"@context":"https:\/\/schema.org","@graph":[{"@type":"WebPage","@id":"https:\/\/nexiaproaudit.pl\/en\/regulamin-swiadczenia-uslug-szkoleniowych-przez-nexia-pro-audit\/","url":"https:\/\/nexiaproaudit.pl\/en\/regulamin-swiadczenia-uslug-szkoleniowych-przez-nexia-pro-audit\/","name":"Regulamin \u015bwiadczenia us\u0142ug szkoleniowych przez Nexia Pro Audit - Nexia Pro Audit","isPartOf":{"@id":"https:\/\/nexiaproaudit.pl\/en\/#website"},"datePublished":"2025-05-09T15:53:03+00:00","breadcrumb":{"@id":"https:\/\/nexiaproaudit.pl\/en\/regulamin-swiadczenia-uslug-szkoleniowych-przez-nexia-pro-audit\/#breadcrumb"},"inLanguage":"en-US","potentialAction":[{"@type":"ReadAction","target":["https:\/\/nexiaproaudit.pl\/en\/regulamin-swiadczenia-uslug-szkoleniowych-przez-nexia-pro-audit\/"]}]},{"@type":"BreadcrumbList","@id":"https:\/\/nexiaproaudit.pl\/en\/regulamin-swiadczenia-uslug-szkoleniowych-przez-nexia-pro-audit\/#breadcrumb","itemListElement":[{"@type":"ListItem","position":1,"name":"Home","item":"https:\/\/nexiaproaudit.pl\/en\/"},{"@type":"ListItem","position":2,"name":"Regulamin \u015bwiadczenia us\u0142ug szkoleniowych przez&nbsp;Nexia Pro Audit"}]},{"@type":"WebSite","@id":"https:\/\/nexiaproaudit.pl\/en\/#website","url":"https:\/\/nexiaproaudit.pl\/en\/","name":"Nexia Pro Audit","description":"","potentialAction":[{"@type":"SearchAction","target":{"@type":"EntryPoint","urlTemplate":"https:\/\/nexiaproaudit.pl\/en\/?s={search_term_string}"},"query-input":{"@type":"PropertyValueSpecification","valueRequired":true,"valueName":"search_term_string"}}],"inLanguage":"en-US"}]}},"_links":{"self":[{"href":"https:\/\/nexiaproaudit.pl\/en\/wp-json\/wp\/v2\/pages\/1121","targetHints":{"allow":["GET"]}}],"collection":[{"href":"https:\/\/nexiaproaudit.pl\/en\/wp-json\/wp\/v2\/pages"}],"about":[{"href":"https:\/\/nexiaproaudit.pl\/en\/wp-json\/wp\/v2\/types\/page"}],"author":[{"embeddable":true,"href":"https:\/\/nexiaproaudit.pl\/en\/wp-json\/wp\/v2\/users\/1"}],"replies":[{"embeddable":true,"href":"https:\/\/nexiaproaudit.pl\/en\/wp-json\/wp\/v2\/comments?post=1121"}],"version-history":[{"count":0,"href":"https:\/\/nexiaproaudit.pl\/en\/wp-json\/wp\/v2\/pages\/1121\/revisions"}],"wp:attachment":[{"href":"https:\/\/nexiaproaudit.pl\/en\/wp-json\/wp\/v2\/media?parent=1121"}],"curies":[{"name":"wp","href":"https:\/\/api.w.org\/{rel}","templated":true}]}}