{"id":1119,"date":"2025-05-09T17:52:35","date_gmt":"2025-05-09T15:52:35","guid":{"rendered":"https:\/\/nexiaproaudit.pl\/procedura-zgloszen-wewnetrznych-w-grupie-nexia-pro-audit\/"},"modified":"2025-05-09T17:52:35","modified_gmt":"2025-05-09T15:52:35","slug":"procedura-zgloszen-wewnetrznych-w-grupie-nexia-pro-audit","status":"publish","type":"page","link":"https:\/\/nexiaproaudit.pl\/en\/procedura-zgloszen-wewnetrznych-w-grupie-nexia-pro-audit\/","title":{"rendered":"Procedura zg\u0142osze\u0144 wewn\u0119trznych w grupie nexia pro audit"},"content":{"rendered":"<h5>\u00a7 1<\/h5>\n<ol role=\"list\">\n<li>Celem niniejszej procedury jest:\n<ol class=\"list_alt\" role=\"list\">\n<li>Wype\u0142nienie obowi\u0105zk\u00f3w zawartych w Ustawie o Ochronie Sygnalist\u00f3w z dnia 14 czerwca 2024 roku,<\/li>\n<li>Promowanie w\u015br\u00f3d kandydat\u00f3w, pracownik\u00f3w oraz wsp\u00f3\u0142pracownik\u00f3w zg\u0142aszania narusze\u0144 prawa i innych wyszczeg\u00f3lnionych nieprawid\u0142owo\u015bci poprzez wewn\u0119trzne kana\u0142y zg\u0142oszeniowe,<\/li>\n<li>Ochrona sygnalist\u00f3w przed wszelkimi dzia\u0142aniami odwetowymi, zar\u00f3wno ze strony prze\u0142o\u017conych, wsp\u00f3\u0142pracownik\u00f3w, jak i pozosta\u0142ych os\u00f3b,<\/li>\n<li>Wykrywanie narusze\u0144 prawa i innych nieprawid\u0142owo\u015bci w celu ochrony interesu publicznego, interesu os\u00f3b pokrzywdzonych, a tak\u017ce interesu i dobrego wizerunku pracodawcy.<\/li>\n<\/ol>\n<\/li>\n<\/ol>\n<p>\u200d<\/p>\n<h5>\u00a7 2<\/h5>\n<ol role=\"list\">\n<li>Ilekro\u0107 w procedurze jest mowa o:\n<ol class=\"list_alt\" role=\"list\">\n<li>Dzia\u0142aniu nast\u0119pczym \u2013 nale\u017cy przez to rozumie\u0107 dzia\u0142ania podj\u0119te przez pracodawc\u0119 \u2028w celu oceny prawdziwo\u015bci informacji zawartych w zg\u0142oszeniu, maj\u0105cych przeciwdzia\u0142a\u0107 naruszeniu prawa b\u0119d\u0105cego przedmiotem zg\u0142oszenia,<\/li>\n<li>Dzia\u0142aniu odwetowym \u2013 bezpo\u015brednie lub po\u015brednie dzia\u0142ania lub zaniechania, zwi\u0105zane \u2028z prac\u0105, spowodowane zg\u0142oszeniem i naruszaj\u0105ce lub mog\u0105ce narusza\u0107 prawa sygnalisty, wyrz\u0105dzaj\u0105ce lub mog\u0105ce wyrz\u0105dza\u0107 mu szkod\u0119,<\/li>\n<\/ol>\n<\/li>\n<\/ol>\n","protected":false},"excerpt":{"rendered":"<p>\u00a7 1 Celem niniejszej procedury jest: Wype\u0142nienie obowi\u0105zk\u00f3w zawartych w Ustawie o Ochronie S&#8230;<\/p>\n","protected":false},"author":1,"featured_media":0,"parent":0,"menu_order":39,"comment_status":"closed","ping_status":"closed","template":"","meta":{"_acf_changed":false,"footnotes":""},"class_list":["post-1119","page","type-page","status-publish","hentry"],"acf":[],"yoast_head":"<!-- This site is optimized with the Yoast SEO Premium plugin v25.3 (Yoast SEO v25.5) - https:\/\/yoast.com\/wordpress\/plugins\/seo\/ -->\n<title>Procedura zg\u0142osze\u0144 wewn\u0119trznych w grupie nexia pro audit - Nexia Pro Audit<\/title>\n<meta name=\"robots\" content=\"index, follow, max-snippet:-1, max-image-preview:large, max-video-preview:-1\" \/>\n<link rel=\"canonical\" href=\"https:\/\/nexiaproaudit.pl\/en\/procedura-zgloszen-wewnetrznych-w-grupie-nexia-pro-audit\/\" \/>\n<meta property=\"og:locale\" content=\"en_US\" \/>\n<meta property=\"og:type\" content=\"article\" \/>\n<meta property=\"og:title\" content=\"Procedura zg\u0142osze\u0144 wewn\u0119trznych w grupie nexia pro audit\" \/>\n<meta property=\"og:description\" content=\"\u00a7 1 Celem niniejszej procedury jest: Wype\u0142nienie obowi\u0105zk\u00f3w zawartych w Ustawie o Ochronie S...\" \/>\n<meta property=\"og:url\" content=\"https:\/\/nexiaproaudit.pl\/en\/procedura-zgloszen-wewnetrznych-w-grupie-nexia-pro-audit\/\" \/>\n<meta property=\"og:site_name\" content=\"Nexia Pro Audit\" \/>\n<meta property=\"og:image\" content=\"https:\/\/nexiaproaudit.pl\/wp-content\/uploads\/2025\/05\/1200x630.jpg\" \/>\n\t<meta property=\"og:image:width\" content=\"1200\" \/>\n\t<meta property=\"og:image:height\" content=\"630\" \/>\n\t<meta property=\"og:image:type\" content=\"image\/jpeg\" \/>\n<meta name=\"twitter:card\" content=\"summary_large_image\" \/>\n<meta name=\"twitter:label1\" content=\"Est. reading time\" \/>\n\t<meta name=\"twitter:data1\" content=\"1 minute\" \/>\n<script type=\"application\/ld+json\" class=\"yoast-schema-graph\">{\"@context\":\"https:\/\/schema.org\",\"@graph\":[{\"@type\":\"WebPage\",\"@id\":\"https:\/\/nexiaproaudit.pl\/en\/procedura-zgloszen-wewnetrznych-w-grupie-nexia-pro-audit\/\",\"url\":\"https:\/\/nexiaproaudit.pl\/en\/procedura-zgloszen-wewnetrznych-w-grupie-nexia-pro-audit\/\",\"name\":\"Procedura zg\u0142osze\u0144 wewn\u0119trznych w grupie nexia pro audit - Nexia Pro Audit\",\"isPartOf\":{\"@id\":\"https:\/\/nexiaproaudit.pl\/en\/#website\"},\"datePublished\":\"2025-05-09T15:52:35+00:00\",\"breadcrumb\":{\"@id\":\"https:\/\/nexiaproaudit.pl\/en\/procedura-zgloszen-wewnetrznych-w-grupie-nexia-pro-audit\/#breadcrumb\"},\"inLanguage\":\"en-US\",\"potentialAction\":[{\"@type\":\"ReadAction\",\"target\":[\"https:\/\/nexiaproaudit.pl\/en\/procedura-zgloszen-wewnetrznych-w-grupie-nexia-pro-audit\/\"]}]},{\"@type\":\"BreadcrumbList\",\"@id\":\"https:\/\/nexiaproaudit.pl\/en\/procedura-zgloszen-wewnetrznych-w-grupie-nexia-pro-audit\/#breadcrumb\",\"itemListElement\":[{\"@type\":\"ListItem\",\"position\":1,\"name\":\"Home\",\"item\":\"https:\/\/nexiaproaudit.pl\/en\/\"},{\"@type\":\"ListItem\",\"position\":2,\"name\":\"Procedura zg\u0142osze\u0144 wewn\u0119trznych w&nbsp;grupie nexia pro audit\"}]},{\"@type\":\"WebSite\",\"@id\":\"https:\/\/nexiaproaudit.pl\/en\/#website\",\"url\":\"https:\/\/nexiaproaudit.pl\/en\/\",\"name\":\"Nexia Pro Audit\",\"description\":\"\",\"potentialAction\":[{\"@type\":\"SearchAction\",\"target\":{\"@type\":\"EntryPoint\",\"urlTemplate\":\"https:\/\/nexiaproaudit.pl\/en\/?s={search_term_string}\"},\"query-input\":{\"@type\":\"PropertyValueSpecification\",\"valueRequired\":true,\"valueName\":\"search_term_string\"}}],\"inLanguage\":\"en-US\"}]}<\/script>\n<!-- \/ Yoast SEO Premium plugin. -->","yoast_head_json":{"title":"Procedura zg\u0142osze\u0144 wewn\u0119trznych w grupie nexia pro audit - Nexia Pro Audit","robots":{"index":"index","follow":"follow","max-snippet":"max-snippet:-1","max-image-preview":"max-image-preview:large","max-video-preview":"max-video-preview:-1"},"canonical":"https:\/\/nexiaproaudit.pl\/en\/procedura-zgloszen-wewnetrznych-w-grupie-nexia-pro-audit\/","og_locale":"en_US","og_type":"article","og_title":"Procedura zg\u0142osze\u0144 wewn\u0119trznych w grupie nexia pro audit","og_description":"\u00a7 1 Celem niniejszej procedury jest: Wype\u0142nienie obowi\u0105zk\u00f3w zawartych w Ustawie o Ochronie S...","og_url":"https:\/\/nexiaproaudit.pl\/en\/procedura-zgloszen-wewnetrznych-w-grupie-nexia-pro-audit\/","og_site_name":"Nexia Pro Audit","og_image":[{"width":1200,"height":630,"url":"https:\/\/nexiaproaudit.pl\/wp-content\/uploads\/2025\/05\/1200x630.jpg","type":"image\/jpeg"}],"twitter_card":"summary_large_image","twitter_misc":{"Est. reading time":"1 minute"},"schema":{"@context":"https:\/\/schema.org","@graph":[{"@type":"WebPage","@id":"https:\/\/nexiaproaudit.pl\/en\/procedura-zgloszen-wewnetrznych-w-grupie-nexia-pro-audit\/","url":"https:\/\/nexiaproaudit.pl\/en\/procedura-zgloszen-wewnetrznych-w-grupie-nexia-pro-audit\/","name":"Procedura zg\u0142osze\u0144 wewn\u0119trznych w grupie nexia pro audit - Nexia Pro Audit","isPartOf":{"@id":"https:\/\/nexiaproaudit.pl\/en\/#website"},"datePublished":"2025-05-09T15:52:35+00:00","breadcrumb":{"@id":"https:\/\/nexiaproaudit.pl\/en\/procedura-zgloszen-wewnetrznych-w-grupie-nexia-pro-audit\/#breadcrumb"},"inLanguage":"en-US","potentialAction":[{"@type":"ReadAction","target":["https:\/\/nexiaproaudit.pl\/en\/procedura-zgloszen-wewnetrznych-w-grupie-nexia-pro-audit\/"]}]},{"@type":"BreadcrumbList","@id":"https:\/\/nexiaproaudit.pl\/en\/procedura-zgloszen-wewnetrznych-w-grupie-nexia-pro-audit\/#breadcrumb","itemListElement":[{"@type":"ListItem","position":1,"name":"Home","item":"https:\/\/nexiaproaudit.pl\/en\/"},{"@type":"ListItem","position":2,"name":"Procedura zg\u0142osze\u0144 wewn\u0119trznych w&nbsp;grupie nexia pro audit"}]},{"@type":"WebSite","@id":"https:\/\/nexiaproaudit.pl\/en\/#website","url":"https:\/\/nexiaproaudit.pl\/en\/","name":"Nexia Pro Audit","description":"","potentialAction":[{"@type":"SearchAction","target":{"@type":"EntryPoint","urlTemplate":"https:\/\/nexiaproaudit.pl\/en\/?s={search_term_string}"},"query-input":{"@type":"PropertyValueSpecification","valueRequired":true,"valueName":"search_term_string"}}],"inLanguage":"en-US"}]}},"_links":{"self":[{"href":"https:\/\/nexiaproaudit.pl\/en\/wp-json\/wp\/v2\/pages\/1119","targetHints":{"allow":["GET"]}}],"collection":[{"href":"https:\/\/nexiaproaudit.pl\/en\/wp-json\/wp\/v2\/pages"}],"about":[{"href":"https:\/\/nexiaproaudit.pl\/en\/wp-json\/wp\/v2\/types\/page"}],"author":[{"embeddable":true,"href":"https:\/\/nexiaproaudit.pl\/en\/wp-json\/wp\/v2\/users\/1"}],"replies":[{"embeddable":true,"href":"https:\/\/nexiaproaudit.pl\/en\/wp-json\/wp\/v2\/comments?post=1119"}],"version-history":[{"count":0,"href":"https:\/\/nexiaproaudit.pl\/en\/wp-json\/wp\/v2\/pages\/1119\/revisions"}],"wp:attachment":[{"href":"https:\/\/nexiaproaudit.pl\/en\/wp-json\/wp\/v2\/media?parent=1119"}],"curies":[{"name":"wp","href":"https:\/\/api.w.org\/{rel}","templated":true}]}}