{"id":1115,"date":"2025-05-09T17:54:42","date_gmt":"2025-05-09T15:54:42","guid":{"rendered":"https:\/\/nexiaproaudit.pl\/polityka-prywatnosci\/"},"modified":"2025-06-25T15:10:42","modified_gmt":"2025-06-25T13:10:42","slug":"privacy-policy","status":"publish","type":"page","link":"https:\/\/nexiaproaudit.pl\/en\/privacy-policy\/","title":{"rendered":"Privacy Policy"},"content":{"rendered":"<h6 class=\"ai-optimize-37\">1. General<\/h6>\n<p class=\"ai-optimize-38 ai-optimize-introduction\">The website www.nexiaproaudit.pl is operated by the Nexia Pro Audit Group (hereinafter referred to as &#8220;Nexia Pro Audit&#8221;). The Nexia Pro Audit Group, headquartered in Krak\u00f3w at 20 E. Wasilewskiego Street, 30-305 Krak\u00f3w, is comprised of the following entities: PRO AUDIT Kancelaria Bieg\u0142ych Rewident\u00f3w Sp. z o.o., PRO AUDIT Sp. z o.o., and Nexia Pro Audit Accounting Sp. z o.o.<\/p>\n<p class=\"ai-optimize-39\">\u200d<\/p>\n<h6 class=\"ai-optimize-40\">2. Disclaimers<\/h6>\n<p class=\"ai-optimize-41\">The information, data and other content posted on our website are general information. The content made available on this website does not represent advice of any kind. Detailed information can be obtained by directly contacting Nexia Pro Audit.<\/p>\n<p>&nbsp;<\/p>\n<p class=\"ai-optimize-42\">Nexia Pro Audit shall not be held accountable in any way for damages resulting from the use of our website and the consequences of using the information provided. Nexia Pro Audit makes no warranty for completeness and up-to-datedness of the website content provided.<\/p>\n<p>&nbsp;<\/p>\n<h6 class=\"ai-optimize-43\">3. Trademarks<\/h6>\n<p class=\"ai-optimize-44\">All trademarks, materials and publications posted on our website are protected by intellectual property rights and by the Act of 4 February 1994 on copyrights and related rights. They may not be transferred to or duplicated by other persons without prior written consent of the website operator. Nexia Pro Audit has the exclusive right to publish content on this website.<\/p>\n<p>&nbsp;<\/p>\n<h6 class=\"ai-optimize-45\">4. Data Protection<\/h6>\n<p class=\"ai-optimize-46\"><strong>4.1. Data Controller<\/strong><br \/>\nPursuant to Regulation (EU) 2016\/679 of the European Parliament and of the Council of 27 April 2016 on the protection of natural persons with regard to the processing of personal data and on the free movement of such data, and repealing Directive 95\/46\/EC (hereinafter referred to as the \u201cGDPR\u201d), we hereby inform you that the controller of your personal data is an entity that is part of the Nexia Pro Audit Group (hereinafter referred to as &#8220;Nexia Pro Audit&#8221;). The Nexia Pro Audit Group, headquartered in Krak\u00f3w, consists of the following entities: PRO AUDIT Kancelaria Bieg\u0142ych Rewident\u00f3w Sp. z o.o., PRO AUDIT Sp. z o.o., and Nexia Pro Audit Accounting Sp. z o.o.<\/p>\n<p class=\"ai-optimize-46\">In matters related to the processing of personal data, please contact us at:<\/p>\n<ul>\n<li class=\"ai-optimize-46\">e-mail: <a href=\"mailto:rodo@nexiaproaudit.pl\">rodo@nexiaproaudit.pl<\/a><\/li>\n<li class=\"ai-optimize-46\">phone: +48 12 632 80 32<\/li>\n<\/ul>\n<p>&nbsp;<\/p>\n<p class=\"ai-optimize-47\"><strong>4.2. Purposes and legal basis for data processing<\/strong><br \/>\nWe may process your data for the following purposes:<\/p>\n<ol>\n<li class=\"ai-optimize-47\">to perform the contracted services \u2013 on the basis of concluded contracts as a party to these contracts;<\/li>\n<li class=\"ai-optimize-47\">to communicate with you on current matters, including the provision of services \u2013 on the basis of a legitimate interest, i.e. keeping in touch with our contractors and their employees;<\/li>\n<li class=\"ai-optimize-47\">to communicate with you on matters concerning inquiries sent via contact forms \u2013 based on the consent granted;<\/li>\n<li class=\"ai-optimize-47\">to organize training and enable you to attend the contracted open and\/or obligatory training, to send training agendas and other training materials \u2013 on the basis of concluded contracts as party to these contracts and based on a legitimate interest, i.e organizing the events concerned, including ensuring the participation of trainees;<\/li>\n<li class=\"ai-optimize-47\">to send commercial offers by electronic means \u2013 based on the consent granted;<\/li>\n<li class=\"ai-optimize-47\">to pursue pursuing claims related to the concluded contracts or in order to defend itself against any claims \u2013 based on a legitimate interest, i.e. pursuing or defending against claims;<\/li>\n<li class=\"ai-optimize-47\">for recruitment purposes \u2013 on the basis of the candidate\u2019s consent and the legal obligation laid down in the Labor Code;<\/li>\n<li class=\"ai-optimize-47\">the implementation of internal procedures regarding whistleblower reports \u2014 based on the legitimate interests pursued by the Data Controller<\/li>\n<\/ol>\n<p>&nbsp;<\/p>\n<p class=\"ai-optimize-48\"><strong>4.3. Categories of Data Processing<\/strong><\/p>\n<p class=\"ai-optimize-49\">Depending on the circumstances, the following categories of personal data may be processed:<\/p>\n<ul>\n<li class=\"ai-optimize-49\">Identification data (e.g. first name, last name)<\/li>\n<li class=\"ai-optimize-49\">Contact data (e.g. email address, phone number)<\/li>\n<li class=\"ai-optimize-49\">Employment-related data<\/li>\n<li class=\"ai-optimize-49\">Data related to whistleblower reports (if the report includes your personal data)<\/li>\n<\/ul>\n<p>&nbsp;<\/p>\n<p class=\"ai-optimize-50\"><strong>4.4. Data Recipients<\/strong><\/p>\n<p class=\"ai-optimize-51\">Your data shall be transferred to entities providing services for the Data Controller: outsourcing, accounting, IT companies and companies maintaining IT infrastructure, public authorities, on the basis of statutory requirements.<\/p>\n<p class=\"ai-optimize-51\"><strong>4.5. Data transfer to third countries<\/strong><\/p>\n<p class=\"ai-optimize-52\">The Data Controller does not intend to transfer your data to third countries or international organizations.<\/p>\n<p>&nbsp;<\/p>\n<p class=\"ai-optimize-53\"><strong>4.6. Data storage period<\/strong><br \/>\nYour data will be stored by the Controller for the period required by law, including until any potential claims become time-barred, and in the case of consent-based processing \u2014 until the consent is withdrawn.<br data-start=\"315\" data-end=\"318\" \/>In the case of data processed in connection with whistleblower reports, your data will be stored for the period necessary to achieve the purposes for which the data is processed, taking into account legal archiving requirements and any potential claims.<\/p>\n<p>&nbsp;<\/p>\n<p class=\"ai-optimize-54\"><strong>4.7. Rights of Data Subjects<\/strong><br \/>\nYou have the right to:<\/p>\n<ul>\n<li class=\"ai-optimize-72\">access your data and receive copies thereof;<\/li>\n<li class=\"ai-optimize-73\">have your personal data corrected;<\/li>\n<li class=\"ai-optimize-74\">demand that the processing of your personal data is restricted;<\/li>\n<li class=\"ai-optimize-75\">have your personal data deleted;<\/li>\n<li class=\"ai-optimize-76\">have your personal data transferred;<\/li>\n<li class=\"ai-optimize-77\">object to the processing of personal data.<\/li>\n<\/ul>\n<p>&nbsp;<\/p>\n<p class=\"ai-optimize-61\">If the processing is based on your consent, please note that you have the right to withdraw your consent to the processing of your personal data at any time. Withdrawal of consent does not affect the lawfulness of processing carried out on the basis of consent before its withdrawal. To exercise your rights, please contact us \u2014 our contact details can be found in section 4.1.<br data-start=\"511\" data-end=\"514\" data-is-only-node=\"\" \/>You also have the right to lodge a complaint with the President of the Personal Data Protection Office if you believe that the processing of your personal data violates the provisions of the General Data Protection Regulation (GDPR) of 27 April 2016.<\/p>\n<p>&nbsp;<\/p>\n<p class=\"ai-optimize-62\"><strong>4.8. Notice on the requirement to disclose data<\/strong><br \/>\nProviding your data is voluntary, but necessary to fulfil the above-mentioned purpose\/is a statutory requirement\/is a contractual requirement\/is a condition precedent for concluding a contract. No service can be provided unless you provide your data.<\/p>\n<p>&nbsp;<\/p>\n<p class=\"ai-optimize-63\"><strong>4.9. Do we perform profiling of your personal data?<\/strong><br \/>\nWe do not perform profiling of your personal data.<\/p>\n<p>&nbsp;<\/p>\n<h6 class=\"ai-optimize-64\">5. Technical Information<\/h6>\n<p class=\"ai-optimize-80\">If you visit our website, we may collect technical information, such as your Internet Protocol (IP) address, information about the pages you visit on www.nexiaproaudit.pl, other websites you visit,<br \/>\nand the web browser you use to browse our website.<\/p>\n<p>&nbsp;<\/p>\n<p class=\"ai-optimize-81\">This website collects standard log and technical data in order to measure and improve website performance, diagnose server problems, administer the website, obtain information about the website traffic, and identify our users. We may use cookies to collect such information.<\/p>\n<p>&nbsp;<\/p>\n<h6 class=\"ai-optimize-66\">6. \u201eCookies\u201d Policy<\/h6>\n<p class=\"ai-optimize-86\">Cookies are small text files that are placed on your computer when visiting websites. Cookies are generally used to operate websites or improve their performance, and to provide information<br \/>\nto the website operators.<\/p>\n<p class=\"ai-optimize-87\">Cookies are currently used on most websites. If you do not want to receive cookies, you can manage and control cookies through your browser. You can also eliminate cookies by deleting them from the \u201cbrowsing history\u201d (cache memory) when you exit a website.<\/p>\n<p class=\"ai-optimize-88\">Our website uses cookies to authenticate users on the website and to track user activity on the website based on statistical data. We use cookies to administer the system and analyze our website. Our cookies do not collect any personal data, i.e. no personal data are saved using cookies, such as your name or address; cookies are used to track user activity on the website to improve its performance.<\/p>\n<p class=\"ai-optimize-89\">Please be advised that you have the right to enable or disable cookies in your browser.\u00a0If you do not consent to the use of cookies, you can disable them in the settings of the browser you use.<\/p>\n<p>&nbsp;<\/p>\n<h6 class=\"ai-optimize-68\">7. Final considerations<\/h6>\n<p class=\"ai-optimize-90\">Nexia Pro Audit reserves the right to change this Privacy Policy. If \u00a0the Privacy Policy is amended, the new version shall be published on the website without delay.<\/p>\n<p class=\"ai-optimize-91\">Should you have any questions concerning the privacy protection, please contact us at <a href=\"mailto:proaudit@nexiaproaudit.pl\">proaudit@nexiaproaudit.pl<\/a>. Write \u201cPrivacy Policy\u201d in the subject line.<\/p>\n","protected":false},"excerpt":{"rendered":"<p>1. General The website www.nexiaproaudit.pl is operated by the Nexia Pro Audit Group (herein&#8230;<\/p>\n","protected":false},"author":1,"featured_media":0,"parent":0,"menu_order":34,"comment_status":"closed","ping_status":"closed","template":"","meta":{"_acf_changed":false,"footnotes":""},"class_list":["post-1115","page","type-page","status-publish","hentry"],"acf":[],"yoast_head":"<!-- This site is optimized with the Yoast SEO Premium plugin v25.3 (Yoast SEO v25.5) - https:\/\/yoast.com\/wordpress\/plugins\/seo\/ -->\n<title>Privacy Policy - Nexia Pro Audit<\/title>\n<meta name=\"robots\" content=\"index, follow, max-snippet:-1, max-image-preview:large, max-video-preview:-1\" \/>\n<link rel=\"canonical\" href=\"https:\/\/nexiaproaudit.pl\/en\/privacy-policy\/\" \/>\n<meta property=\"og:locale\" content=\"en_US\" \/>\n<meta property=\"og:type\" content=\"article\" \/>\n<meta property=\"og:title\" content=\"Privacy Policy\" \/>\n<meta property=\"og:description\" content=\"1. General The website www.nexiaproaudit.pl is operated by the Nexia Pro Audit Group (herein...\" \/>\n<meta property=\"og:url\" content=\"https:\/\/nexiaproaudit.pl\/en\/privacy-policy\/\" \/>\n<meta property=\"og:site_name\" content=\"Nexia Pro Audit\" \/>\n<meta property=\"article:modified_time\" content=\"2025-06-25T13:10:42+00:00\" \/>\n<meta property=\"og:image\" content=\"https:\/\/nexiaproaudit.pl\/wp-content\/uploads\/2025\/05\/1200x630.jpg\" \/>\n\t<meta property=\"og:image:width\" content=\"1200\" \/>\n\t<meta property=\"og:image:height\" content=\"630\" \/>\n\t<meta property=\"og:image:type\" content=\"image\/jpeg\" \/>\n<meta name=\"twitter:card\" content=\"summary_large_image\" \/>\n<meta name=\"twitter:label1\" content=\"Est. reading time\" \/>\n\t<meta name=\"twitter:data1\" content=\"8 minutes\" \/>\n<script type=\"application\/ld+json\" class=\"yoast-schema-graph\">{\"@context\":\"https:\/\/schema.org\",\"@graph\":[{\"@type\":\"WebPage\",\"@id\":\"https:\/\/nexiaproaudit.pl\/en\/privacy-policy\/\",\"url\":\"https:\/\/nexiaproaudit.pl\/en\/privacy-policy\/\",\"name\":\"Privacy Policy - Nexia Pro Audit\",\"isPartOf\":{\"@id\":\"https:\/\/nexiaproaudit.pl\/en\/#website\"},\"datePublished\":\"2025-05-09T15:54:42+00:00\",\"dateModified\":\"2025-06-25T13:10:42+00:00\",\"breadcrumb\":{\"@id\":\"https:\/\/nexiaproaudit.pl\/en\/privacy-policy\/#breadcrumb\"},\"inLanguage\":\"en-US\",\"potentialAction\":[{\"@type\":\"ReadAction\",\"target\":[\"https:\/\/nexiaproaudit.pl\/en\/privacy-policy\/\"]}]},{\"@type\":\"BreadcrumbList\",\"@id\":\"https:\/\/nexiaproaudit.pl\/en\/privacy-policy\/#breadcrumb\",\"itemListElement\":[{\"@type\":\"ListItem\",\"position\":1,\"name\":\"Home\",\"item\":\"https:\/\/nexiaproaudit.pl\/en\/\"},{\"@type\":\"ListItem\",\"position\":2,\"name\":\"Privacy Policy\"}]},{\"@type\":\"WebSite\",\"@id\":\"https:\/\/nexiaproaudit.pl\/en\/#website\",\"url\":\"https:\/\/nexiaproaudit.pl\/en\/\",\"name\":\"Nexia Pro Audit\",\"description\":\"\",\"potentialAction\":[{\"@type\":\"SearchAction\",\"target\":{\"@type\":\"EntryPoint\",\"urlTemplate\":\"https:\/\/nexiaproaudit.pl\/en\/?s={search_term_string}\"},\"query-input\":{\"@type\":\"PropertyValueSpecification\",\"valueRequired\":true,\"valueName\":\"search_term_string\"}}],\"inLanguage\":\"en-US\"}]}<\/script>\n<!-- \/ Yoast SEO Premium plugin. -->","yoast_head_json":{"title":"Privacy Policy - Nexia Pro Audit","robots":{"index":"index","follow":"follow","max-snippet":"max-snippet:-1","max-image-preview":"max-image-preview:large","max-video-preview":"max-video-preview:-1"},"canonical":"https:\/\/nexiaproaudit.pl\/en\/privacy-policy\/","og_locale":"en_US","og_type":"article","og_title":"Privacy Policy","og_description":"1. General The website www.nexiaproaudit.pl is operated by the Nexia Pro Audit Group (herein...","og_url":"https:\/\/nexiaproaudit.pl\/en\/privacy-policy\/","og_site_name":"Nexia Pro Audit","article_modified_time":"2025-06-25T13:10:42+00:00","og_image":[{"width":1200,"height":630,"url":"https:\/\/nexiaproaudit.pl\/wp-content\/uploads\/2025\/05\/1200x630.jpg","type":"image\/jpeg"}],"twitter_card":"summary_large_image","twitter_misc":{"Est. reading time":"8 minutes"},"schema":{"@context":"https:\/\/schema.org","@graph":[{"@type":"WebPage","@id":"https:\/\/nexiaproaudit.pl\/en\/privacy-policy\/","url":"https:\/\/nexiaproaudit.pl\/en\/privacy-policy\/","name":"Privacy Policy - Nexia Pro Audit","isPartOf":{"@id":"https:\/\/nexiaproaudit.pl\/en\/#website"},"datePublished":"2025-05-09T15:54:42+00:00","dateModified":"2025-06-25T13:10:42+00:00","breadcrumb":{"@id":"https:\/\/nexiaproaudit.pl\/en\/privacy-policy\/#breadcrumb"},"inLanguage":"en-US","potentialAction":[{"@type":"ReadAction","target":["https:\/\/nexiaproaudit.pl\/en\/privacy-policy\/"]}]},{"@type":"BreadcrumbList","@id":"https:\/\/nexiaproaudit.pl\/en\/privacy-policy\/#breadcrumb","itemListElement":[{"@type":"ListItem","position":1,"name":"Home","item":"https:\/\/nexiaproaudit.pl\/en\/"},{"@type":"ListItem","position":2,"name":"Privacy Policy"}]},{"@type":"WebSite","@id":"https:\/\/nexiaproaudit.pl\/en\/#website","url":"https:\/\/nexiaproaudit.pl\/en\/","name":"Nexia Pro Audit","description":"","potentialAction":[{"@type":"SearchAction","target":{"@type":"EntryPoint","urlTemplate":"https:\/\/nexiaproaudit.pl\/en\/?s={search_term_string}"},"query-input":{"@type":"PropertyValueSpecification","valueRequired":true,"valueName":"search_term_string"}}],"inLanguage":"en-US"}]}},"_links":{"self":[{"href":"https:\/\/nexiaproaudit.pl\/en\/wp-json\/wp\/v2\/pages\/1115","targetHints":{"allow":["GET"]}}],"collection":[{"href":"https:\/\/nexiaproaudit.pl\/en\/wp-json\/wp\/v2\/pages"}],"about":[{"href":"https:\/\/nexiaproaudit.pl\/en\/wp-json\/wp\/v2\/types\/page"}],"author":[{"embeddable":true,"href":"https:\/\/nexiaproaudit.pl\/en\/wp-json\/wp\/v2\/users\/1"}],"replies":[{"embeddable":true,"href":"https:\/\/nexiaproaudit.pl\/en\/wp-json\/wp\/v2\/comments?post=1115"}],"version-history":[{"count":7,"href":"https:\/\/nexiaproaudit.pl\/en\/wp-json\/wp\/v2\/pages\/1115\/revisions"}],"predecessor-version":[{"id":4653,"href":"https:\/\/nexiaproaudit.pl\/en\/wp-json\/wp\/v2\/pages\/1115\/revisions\/4653"}],"wp:attachment":[{"href":"https:\/\/nexiaproaudit.pl\/en\/wp-json\/wp\/v2\/media?parent=1115"}],"curies":[{"name":"wp","href":"https:\/\/api.w.org\/{rel}","templated":true}]}}