{"id":1102,"date":"2025-05-09T17:53:20","date_gmt":"2025-05-09T15:53:20","guid":{"rendered":"https:\/\/nexiaproaudit.pl\/klauzula-informacyjna-rodo-dla-sygnalisty\/"},"modified":"2025-05-09T17:53:20","modified_gmt":"2025-05-09T15:53:20","slug":"klauzula-informacyjna-rodo-dla-sygnalisty","status":"publish","type":"page","link":"https:\/\/nexiaproaudit.pl\/en\/klauzula-informacyjna-rodo-dla-sygnalisty\/","title":{"rendered":"Klauzula informacyjna RODO dla Sygnalisty"},"content":{"rendered":"<p>Zgodnie z art. 13 Rozporz\u0105dzenia Parlamentu Europejskiego i Rady (UE) 2016\/679 z dnia 27 kwietnia 2016 r. w sprawie ochrony os\u00f3b fizycznych w zwi\u0105zku z przetwarzaniem danych osobowych i w sprawie swobodnego przep\u0142ywu takich danych oraz uchylenia dyrektywy 95\/46\/WE (dalej \u201eRODO\u201d) informujemy:<\/p>\n<p>\u200d<\/p>\n<p><strong>1. Administrator danych<\/strong><\/p>\n<p>Administratorem Pani\/Pana danych osobowych jest Podmiot wchodz\u0105cy w sk\u0142ad Grupy Nexia Pro Audit (dalej: Nexia Pro Audit). W sk\u0142ad Grupy Nexia Pro Audit wchodzi: \u2028PRO AUDIT Kancelaria Bieg\u0142ych Rewident\u00f3w Sp. z o.o., PRO AUDIT Sp. z o.o. oraz Nexia Pro Audit Accounting Sp. z o.o. z siedzib\u0105 w Krakowie, ul.\u202fE. Wasilewskiego 20, 30-305 Krak\u00f3w.<\/p>\n<p>\u200d<\/p>\n<p><strong>2. Kontakt w przypadku pyta\u0144 zwi\u0105zanych z przetwarzaniem danych osobowych<\/strong><\/p>\n<p>W sprawach zwi\u0105zanych z przetwarzaniem danych osobowych, mog\u0105 Pa\u0144stwo kontaktowa\u0107 si\u0119 \u2028w nast\u0119puj\u0105cy spos\u00f3b:<\/p>\n<ul role=\"list\">\n<li>adres e-mail:\u00a0<a href=\"mailto:rodo@nexiaproaudit.pl\"><strong>rodo@nexiaproaudit.pl<\/strong><\/a><\/li>\n<li>nr telefonu\u00a0<strong>+48 12 632 80 32<\/strong><\/li>\n<\/ul>\n<p>\u200d<\/p>\n<p><strong>3. Kategorie danych osobowych<\/strong><\/p>\n<p>Administrator przetwarza udost\u0119pnione przez Pani\u0105\/Pana w zg\u0142oszeniu dane osobowe oraz inne dane niezb\u0119dne do przeprowadzenia post\u0119powania wyja\u015bniaj\u0105cego i podj\u0119cia dzia\u0142a\u0144 nast\u0119pczych oraz ochrony sygnalisty, os\u00f3b pomagaj\u0105cych w zg\u0142oszeniu lub powi\u0105zanych z sygnalist\u0105.<\/p>\n","protected":false},"excerpt":{"rendered":"<p>Zgodnie z art. 13 Rozporz\u0105dzenia Parlamentu Europejskiego i Rady (UE) 2016\/679 z dnia 27 kwi&#8230;<\/p>\n","protected":false},"author":1,"featured_media":0,"parent":0,"menu_order":41,"comment_status":"closed","ping_status":"closed","template":"","meta":{"_acf_changed":false,"footnotes":""},"class_list":["post-1102","page","type-page","status-publish","hentry"],"acf":[],"yoast_head":"<!-- This site is optimized with the Yoast SEO Premium plugin v25.3 (Yoast SEO v25.5) - https:\/\/yoast.com\/wordpress\/plugins\/seo\/ -->\n<title>Klauzula informacyjna RODO dla Sygnalisty - Nexia Pro Audit<\/title>\n<meta name=\"robots\" content=\"index, follow, max-snippet:-1, max-image-preview:large, max-video-preview:-1\" \/>\n<link rel=\"canonical\" href=\"https:\/\/nexiaproaudit.pl\/en\/klauzula-informacyjna-rodo-dla-sygnalisty\/\" \/>\n<meta property=\"og:locale\" content=\"en_US\" \/>\n<meta property=\"og:type\" content=\"article\" \/>\n<meta property=\"og:title\" content=\"Klauzula informacyjna RODO dla Sygnalisty\" \/>\n<meta property=\"og:description\" content=\"Zgodnie z art. 13 Rozporz\u0105dzenia Parlamentu Europejskiego i Rady (UE) 2016\/679 z dnia 27 kwi...\" \/>\n<meta property=\"og:url\" content=\"https:\/\/nexiaproaudit.pl\/en\/klauzula-informacyjna-rodo-dla-sygnalisty\/\" \/>\n<meta property=\"og:site_name\" content=\"Nexia Pro Audit\" \/>\n<meta property=\"og:image\" content=\"https:\/\/nexiaproaudit.pl\/wp-content\/uploads\/2025\/05\/1200x630.jpg\" \/>\n\t<meta property=\"og:image:width\" content=\"1200\" \/>\n\t<meta property=\"og:image:height\" content=\"630\" \/>\n\t<meta property=\"og:image:type\" content=\"image\/jpeg\" \/>\n<meta name=\"twitter:card\" content=\"summary_large_image\" \/>\n<meta name=\"twitter:label1\" content=\"Est. reading time\" \/>\n\t<meta name=\"twitter:data1\" content=\"1 minute\" \/>\n<script type=\"application\/ld+json\" class=\"yoast-schema-graph\">{\"@context\":\"https:\/\/schema.org\",\"@graph\":[{\"@type\":\"WebPage\",\"@id\":\"https:\/\/nexiaproaudit.pl\/en\/klauzula-informacyjna-rodo-dla-sygnalisty\/\",\"url\":\"https:\/\/nexiaproaudit.pl\/en\/klauzula-informacyjna-rodo-dla-sygnalisty\/\",\"name\":\"Klauzula informacyjna RODO dla Sygnalisty - Nexia Pro Audit\",\"isPartOf\":{\"@id\":\"https:\/\/nexiaproaudit.pl\/en\/#website\"},\"datePublished\":\"2025-05-09T15:53:20+00:00\",\"breadcrumb\":{\"@id\":\"https:\/\/nexiaproaudit.pl\/en\/klauzula-informacyjna-rodo-dla-sygnalisty\/#breadcrumb\"},\"inLanguage\":\"en-US\",\"potentialAction\":[{\"@type\":\"ReadAction\",\"target\":[\"https:\/\/nexiaproaudit.pl\/en\/klauzula-informacyjna-rodo-dla-sygnalisty\/\"]}]},{\"@type\":\"BreadcrumbList\",\"@id\":\"https:\/\/nexiaproaudit.pl\/en\/klauzula-informacyjna-rodo-dla-sygnalisty\/#breadcrumb\",\"itemListElement\":[{\"@type\":\"ListItem\",\"position\":1,\"name\":\"Home\",\"item\":\"https:\/\/nexiaproaudit.pl\/en\/\"},{\"@type\":\"ListItem\",\"position\":2,\"name\":\"Klauzula informacyjna RODO dla Sygnalisty\"}]},{\"@type\":\"WebSite\",\"@id\":\"https:\/\/nexiaproaudit.pl\/en\/#website\",\"url\":\"https:\/\/nexiaproaudit.pl\/en\/\",\"name\":\"Nexia Pro Audit\",\"description\":\"\",\"potentialAction\":[{\"@type\":\"SearchAction\",\"target\":{\"@type\":\"EntryPoint\",\"urlTemplate\":\"https:\/\/nexiaproaudit.pl\/en\/?s={search_term_string}\"},\"query-input\":{\"@type\":\"PropertyValueSpecification\",\"valueRequired\":true,\"valueName\":\"search_term_string\"}}],\"inLanguage\":\"en-US\"}]}<\/script>\n<!-- \/ Yoast SEO Premium plugin. -->","yoast_head_json":{"title":"Klauzula informacyjna RODO dla Sygnalisty - Nexia Pro Audit","robots":{"index":"index","follow":"follow","max-snippet":"max-snippet:-1","max-image-preview":"max-image-preview:large","max-video-preview":"max-video-preview:-1"},"canonical":"https:\/\/nexiaproaudit.pl\/en\/klauzula-informacyjna-rodo-dla-sygnalisty\/","og_locale":"en_US","og_type":"article","og_title":"Klauzula informacyjna RODO dla Sygnalisty","og_description":"Zgodnie z art. 13 Rozporz\u0105dzenia Parlamentu Europejskiego i Rady (UE) 2016\/679 z dnia 27 kwi...","og_url":"https:\/\/nexiaproaudit.pl\/en\/klauzula-informacyjna-rodo-dla-sygnalisty\/","og_site_name":"Nexia Pro Audit","og_image":[{"width":1200,"height":630,"url":"https:\/\/nexiaproaudit.pl\/wp-content\/uploads\/2025\/05\/1200x630.jpg","type":"image\/jpeg"}],"twitter_card":"summary_large_image","twitter_misc":{"Est. reading time":"1 minute"},"schema":{"@context":"https:\/\/schema.org","@graph":[{"@type":"WebPage","@id":"https:\/\/nexiaproaudit.pl\/en\/klauzula-informacyjna-rodo-dla-sygnalisty\/","url":"https:\/\/nexiaproaudit.pl\/en\/klauzula-informacyjna-rodo-dla-sygnalisty\/","name":"Klauzula informacyjna RODO dla Sygnalisty - Nexia Pro Audit","isPartOf":{"@id":"https:\/\/nexiaproaudit.pl\/en\/#website"},"datePublished":"2025-05-09T15:53:20+00:00","breadcrumb":{"@id":"https:\/\/nexiaproaudit.pl\/en\/klauzula-informacyjna-rodo-dla-sygnalisty\/#breadcrumb"},"inLanguage":"en-US","potentialAction":[{"@type":"ReadAction","target":["https:\/\/nexiaproaudit.pl\/en\/klauzula-informacyjna-rodo-dla-sygnalisty\/"]}]},{"@type":"BreadcrumbList","@id":"https:\/\/nexiaproaudit.pl\/en\/klauzula-informacyjna-rodo-dla-sygnalisty\/#breadcrumb","itemListElement":[{"@type":"ListItem","position":1,"name":"Home","item":"https:\/\/nexiaproaudit.pl\/en\/"},{"@type":"ListItem","position":2,"name":"Klauzula informacyjna RODO dla Sygnalisty"}]},{"@type":"WebSite","@id":"https:\/\/nexiaproaudit.pl\/en\/#website","url":"https:\/\/nexiaproaudit.pl\/en\/","name":"Nexia Pro Audit","description":"","potentialAction":[{"@type":"SearchAction","target":{"@type":"EntryPoint","urlTemplate":"https:\/\/nexiaproaudit.pl\/en\/?s={search_term_string}"},"query-input":{"@type":"PropertyValueSpecification","valueRequired":true,"valueName":"search_term_string"}}],"inLanguage":"en-US"}]}},"_links":{"self":[{"href":"https:\/\/nexiaproaudit.pl\/en\/wp-json\/wp\/v2\/pages\/1102","targetHints":{"allow":["GET"]}}],"collection":[{"href":"https:\/\/nexiaproaudit.pl\/en\/wp-json\/wp\/v2\/pages"}],"about":[{"href":"https:\/\/nexiaproaudit.pl\/en\/wp-json\/wp\/v2\/types\/page"}],"author":[{"embeddable":true,"href":"https:\/\/nexiaproaudit.pl\/en\/wp-json\/wp\/v2\/users\/1"}],"replies":[{"embeddable":true,"href":"https:\/\/nexiaproaudit.pl\/en\/wp-json\/wp\/v2\/comments?post=1102"}],"version-history":[{"count":0,"href":"https:\/\/nexiaproaudit.pl\/en\/wp-json\/wp\/v2\/pages\/1102\/revisions"}],"wp:attachment":[{"href":"https:\/\/nexiaproaudit.pl\/en\/wp-json\/wp\/v2\/media?parent=1102"}],"curies":[{"name":"wp","href":"https:\/\/api.w.org\/{rel}","templated":true}]}}